{"id":1179,"date":"2026-03-10T13:59:13","date_gmt":"2026-03-10T10:59:13","guid":{"rendered":"https:\/\/olimpossergileri.com\/?post_type=product&#038;p=1179"},"modified":"2026-03-17T16:23:19","modified_gmt":"2026-03-17T13:23:19","slug":"mezun-olduktan-sonra-simdi-ne-olacak","status":"publish","type":"product","link":"https:\/\/olimpossergileri.com\/en\/urun\/mezun-olduktan-sonra-simdi-ne-olacak\/","title":{"rendered":"10. Mezun Olduktan Sonra \u2013 \u015eimdi Ne Olacak?"},"content":{"rendered":"<p>12 Temmuz Pazar<br \/>\n14:00-15:30<\/p>\n<p>Bu oturum, sanat e\u011fitimi sonras\u0131 ortaya \u00e7\u0131kan belirsizlik alan\u0131na odaklan\u0131r. Mezuniyetle birlikte<br \/>\ngelen y\u00f6ns\u00fczl\u00fck, yaln\u0131zl\u0131k ve bask\u0131 hissini mesleki bir ge\u00e7i\u015f e\u015fi\u011fi olarak ele al\u0131r. Kurum<br \/>\ndestekleri, a\u00e7\u0131k \u00e7a\u011fr\u0131lar, portfolyo y\u00f6netimi ve ilk sergi temaslar\u0131n\u0131 daha ger\u00e7ek\u00e7i bir \u00e7er\u00e7evede<br \/>\nd\u00fc\u015f\u00fcnmeye a\u00e7ar.<\/p>\n","protected":false},"excerpt":{"rendered":"<p>Taner Ceylan<\/p>\n<p>12 Temmuz Pazar<br \/>\n<br \/>\n14:00-15:30<\/p>\n","protected":false},"featured_media":1182,"template":"","meta":[],"product_brand":[],"product_cat":[39],"product_tag":[],"class_list":{"0":"post-1179","1":"product","2":"type-product","3":"status-publish","4":"has-post-thumbnail","6":"product_cat-olimpos-akademi","7":"entry","9":"first","10":"instock","11":"virtual","12":"purchasable","13":"product-type-simple"},"_links":{"self":[{"href":"https:\/\/olimpossergileri.com\/en\/wp-json\/wp\/v2\/product\/1179","targetHints":{"allow":["GET"]}}],"collection":[{"href":"https:\/\/olimpossergileri.com\/en\/wp-json\/wp\/v2\/product"}],"about":[{"href":"https:\/\/olimpossergileri.com\/en\/wp-json\/wp\/v2\/types\/product"}],"wp:featuredmedia":[{"embeddable":true,"href":"https:\/\/olimpossergileri.com\/en\/wp-json\/wp\/v2\/media\/1182"}],"wp:attachment":[{"href":"https:\/\/olimpossergileri.com\/en\/wp-json\/wp\/v2\/media?parent=1179"}],"wp:term":[{"taxonomy":"product_brand","embeddable":true,"href":"https:\/\/olimpossergileri.com\/en\/wp-json\/wp\/v2\/product_brand?post=1179"},{"taxonomy":"product_cat","embeddable":true,"href":"https:\/\/olimpossergileri.com\/en\/wp-json\/wp\/v2\/product_cat?post=1179"},{"taxonomy":"product_tag","embeddable":true,"href":"https:\/\/olimpossergileri.com\/en\/wp-json\/wp\/v2\/product_tag?post=1179"}],"curies":[{"name":"wp","href":"https:\/\/api.w.org\/{rel}","templated":true}]}}