{"id":1178,"date":"2026-03-10T13:58:39","date_gmt":"2026-03-10T10:58:39","guid":{"rendered":"https:\/\/olimpossergileri.com\/?post_type=product&#038;p=1178"},"modified":"2026-03-17T16:22:47","modified_gmt":"2026-03-17T13:22:47","slug":"hayvan-haklari-elestirel-kuratoryal-dusunceyi-ve-sanatsal-uretimi-nasil-donusturur","status":"publish","type":"product","link":"https:\/\/olimpossergileri.com\/en\/urun\/hayvan-haklari-elestirel-kuratoryal-dusunceyi-ve-sanatsal-uretimi-nasil-donusturur\/","title":{"rendered":"9. Hayvan haklar\u0131 ele\u015ftirel k\u00fcratoryal d\u00fc\u015f\u00fcnceyi ve sanatsal \u00fcretimi nas\u0131l d\u00f6n\u00fc\u015ft\u00fcr\u00fcr?"},"content":{"rendered":"<p>5 Temmuz Pazar<br \/>\n14:00-15:30<br \/>\nZoom<\/p>\n<p>Bu oturum, hayvan haklar\u0131n\u0131n ele\u015ftirel k\u00fcratoryal d\u00fc\u015f\u00fcnceyi ve sanatsal \u00fcretimi nas\u0131l<br \/>\nd\u00f6n\u00fc\u015ft\u00fcrd\u00fc\u011f\u00fcne odaklan\u0131r. Hayvan haklar\u0131 m\u00fccadelesinden ilhamla, ya\u015fam hakk\u0131na sayg\u0131l\u0131,<br \/>\n\u00e7o\u011fulcu ve e\u015fitlik\u00e7i bir dilin imk\u00e2nlar\u0131n\u0131 birlikte tart\u0131\u015f\u0131r. K\u00fcratoryal ve sanatsal pratikte farkl\u0131l\u0131klara<br \/>\nalan a\u00e7an yeni d\u00fc\u015f\u00fcnme bi\u00e7imlerini ele al\u0131r.<\/p>\n","protected":false},"excerpt":{"rendered":"<p>Bige \u00d6rer<\/p>\n<p>5 Temmuz Pazar<br \/>\n<br \/>\n14:00-15:30<\/p>\n","protected":false},"featured_media":1163,"template":"","meta":[],"product_brand":[],"product_cat":[39],"product_tag":[],"class_list":{"0":"post-1178","1":"product","2":"type-product","3":"status-publish","4":"has-post-thumbnail","6":"product_cat-olimpos-akademi","7":"entry","9":"first","10":"instock","11":"virtual","12":"purchasable","13":"product-type-simple"},"_links":{"self":[{"href":"https:\/\/olimpossergileri.com\/en\/wp-json\/wp\/v2\/product\/1178","targetHints":{"allow":["GET"]}}],"collection":[{"href":"https:\/\/olimpossergileri.com\/en\/wp-json\/wp\/v2\/product"}],"about":[{"href":"https:\/\/olimpossergileri.com\/en\/wp-json\/wp\/v2\/types\/product"}],"wp:featuredmedia":[{"embeddable":true,"href":"https:\/\/olimpossergileri.com\/en\/wp-json\/wp\/v2\/media\/1163"}],"wp:attachment":[{"href":"https:\/\/olimpossergileri.com\/en\/wp-json\/wp\/v2\/media?parent=1178"}],"wp:term":[{"taxonomy":"product_brand","embeddable":true,"href":"https:\/\/olimpossergileri.com\/en\/wp-json\/wp\/v2\/product_brand?post=1178"},{"taxonomy":"product_cat","embeddable":true,"href":"https:\/\/olimpossergileri.com\/en\/wp-json\/wp\/v2\/product_cat?post=1178"},{"taxonomy":"product_tag","embeddable":true,"href":"https:\/\/olimpossergileri.com\/en\/wp-json\/wp\/v2\/product_tag?post=1178"}],"curies":[{"name":"wp","href":"https:\/\/api.w.org\/{rel}","templated":true}]}}