{"id":1177,"date":"2026-03-10T13:55:57","date_gmt":"2026-03-10T10:55:57","guid":{"rendered":"https:\/\/olimpossergileri.com\/?post_type=product&#038;p=1177"},"modified":"2026-04-15T14:50:34","modified_gmt":"2026-04-15T11:50:34","slug":"daha-iyisini-hak-ediyorum-%e2%86%92-deger-ve-konum-sanatcinin-kendi-olcegini-kurmasi","status":"publish","type":"product","link":"https:\/\/olimpossergileri.com\/en\/urun\/daha-iyisini-hak-ediyorum-%e2%86%92-deger-ve-konum-sanatcinin-kendi-olcegini-kurmasi\/","title":{"rendered":"7. Daha \u0130yisini Hak Ediyorum! \u2192 De\u011fer ve Konum: Sanat\u00e7\u0131n\u0131n Kendi \u00d6l\u00e7e\u011fini Kurmas\u0131"},"content":{"rendered":"<p>24 May\u0131s Pazar<br \/>\n14:00-15:30<br \/>\nZoom<\/p>\n<p>Bu oturum, de\u011fer kavram\u0131n\u0131 sanat\u00e7\u0131n\u0131n prati\u011fi, tutarl\u0131l\u0131\u011f\u0131 ve uzun vadeli konumuyla ili\u015fkili bir<br \/>\nyap\u0131 olarak ele al\u0131r. Fiyatland\u0131rmay\u0131 yaln\u0131zca piyasa ko\u015fullar\u0131yla de\u011fil, sanat\u00e7\u0131n\u0131n \u00fcretimini nas\u0131l<br \/>\nkonumland\u0131rd\u0131\u011f\u0131yla birlikte tart\u0131\u015f\u0131r. Yerel ve uluslararas\u0131 ba\u011flamlar, tutarl\u0131l\u0131k ve g\u00fcven ili\u015fkisi<br \/>\n\u00fczerinden d\u00fc\u015f\u00fcnmeye a\u00e7ar.<\/p>\n","protected":false},"excerpt":{"rendered":"<p>Azra T\u00fcz\u00fcno\u011flu<\/p>\n<p>24 May\u0131s Pazar<br \/>\n<br \/>\n14:00-15:30<\/p>\n","protected":false},"featured_media":1163,"template":"","meta":[],"product_brand":[],"product_cat":[39],"product_tag":[],"class_list":{"0":"post-1177","1":"product","2":"type-product","3":"status-publish","4":"has-post-thumbnail","6":"product_cat-olimpos-akademi","7":"entry","9":"first","10":"instock","11":"virtual","12":"purchasable","13":"product-type-simple"},"_links":{"self":[{"href":"https:\/\/olimpossergileri.com\/en\/wp-json\/wp\/v2\/product\/1177","targetHints":{"allow":["GET"]}}],"collection":[{"href":"https:\/\/olimpossergileri.com\/en\/wp-json\/wp\/v2\/product"}],"about":[{"href":"https:\/\/olimpossergileri.com\/en\/wp-json\/wp\/v2\/types\/product"}],"wp:featuredmedia":[{"embeddable":true,"href":"https:\/\/olimpossergileri.com\/en\/wp-json\/wp\/v2\/media\/1163"}],"wp:attachment":[{"href":"https:\/\/olimpossergileri.com\/en\/wp-json\/wp\/v2\/media?parent=1177"}],"wp:term":[{"taxonomy":"product_brand","embeddable":true,"href":"https:\/\/olimpossergileri.com\/en\/wp-json\/wp\/v2\/product_brand?post=1177"},{"taxonomy":"product_cat","embeddable":true,"href":"https:\/\/olimpossergileri.com\/en\/wp-json\/wp\/v2\/product_cat?post=1177"},{"taxonomy":"product_tag","embeddable":true,"href":"https:\/\/olimpossergileri.com\/en\/wp-json\/wp\/v2\/product_tag?post=1177"}],"curies":[{"name":"wp","href":"https:\/\/api.w.org\/{rel}","templated":true}]}}