{"id":1176,"date":"2026-03-10T13:56:16","date_gmt":"2026-03-10T10:56:16","guid":{"rendered":"https:\/\/olimpossergileri.com\/?post_type=product&#038;p=1176"},"modified":"2026-04-15T14:50:29","modified_gmt":"2026-04-15T11:50:29","slug":"aslinda-oyle-demek-istememistim-%e2%86%92-sanatcinin-dili-metinle-kendini-temsil-etmek","status":"publish","type":"product","link":"https:\/\/olimpossergileri.com\/en\/urun\/aslinda-oyle-demek-istememistim-%e2%86%92-sanatcinin-dili-metinle-kendini-temsil-etmek\/","title":{"rendered":"8. Asl\u0131nda \u00d6yle Demek \u0130stememi\u015ftim \u2192 Sanat\u00e7\u0131n\u0131n Dili: Metinle Kendini Temsil Etmek"},"content":{"rendered":"<p>7 Haziran Pazar<br \/>\n14:00-15:30<br \/>\nZoom<\/p>\n<p>Bu oturum, metni i\u015fin dola\u015f\u0131ma girme bi\u00e7imini belirleyen temel bir ara\u00e7 olarak ele al\u0131r.<br \/>\nSanat\u00e7\u0131n\u0131n kendi i\u015fini hangi dil ve mesafeyle temsil edebilece\u011fi birlikte tart\u0131\u015f\u0131l\u0131r. G\u00f6r\u00fcn\u00fcrl\u00fck,<br \/>\nnetlik ve a\u00e7\u0131kl\u0131k aras\u0131ndaki ili\u015fkiye odaklan\u0131r. Metnin i\u015flevini, s\u0131n\u0131rlar\u0131n\u0131 ve temsil g\u00fcc\u00fcn\u00fc yeniden<br \/>\nd\u00fc\u015f\u00fcnmeye a\u00e7ar.<\/p>\n","protected":false},"excerpt":{"rendered":"<p>Merve \u00dcnsal<\/p>\n<p>7 Haziran Pazar<br \/>\n<br \/>\n14:00-15:30<\/p>\n","protected":false},"featured_media":1163,"template":"","meta":[],"product_brand":[],"product_cat":[39],"product_tag":[],"class_list":{"0":"post-1176","1":"product","2":"type-product","3":"status-publish","4":"has-post-thumbnail","6":"product_cat-olimpos-akademi","7":"entry","9":"first","10":"instock","11":"virtual","12":"purchasable","13":"product-type-simple"},"_links":{"self":[{"href":"https:\/\/olimpossergileri.com\/en\/wp-json\/wp\/v2\/product\/1176","targetHints":{"allow":["GET"]}}],"collection":[{"href":"https:\/\/olimpossergileri.com\/en\/wp-json\/wp\/v2\/product"}],"about":[{"href":"https:\/\/olimpossergileri.com\/en\/wp-json\/wp\/v2\/types\/product"}],"wp:featuredmedia":[{"embeddable":true,"href":"https:\/\/olimpossergileri.com\/en\/wp-json\/wp\/v2\/media\/1163"}],"wp:attachment":[{"href":"https:\/\/olimpossergileri.com\/en\/wp-json\/wp\/v2\/media?parent=1176"}],"wp:term":[{"taxonomy":"product_brand","embeddable":true,"href":"https:\/\/olimpossergileri.com\/en\/wp-json\/wp\/v2\/product_brand?post=1176"},{"taxonomy":"product_cat","embeddable":true,"href":"https:\/\/olimpossergileri.com\/en\/wp-json\/wp\/v2\/product_cat?post=1176"},{"taxonomy":"product_tag","embeddable":true,"href":"https:\/\/olimpossergileri.com\/en\/wp-json\/wp\/v2\/product_tag?post=1176"}],"curies":[{"name":"wp","href":"https:\/\/api.w.org\/{rel}","templated":true}]}}