{"id":1175,"date":"2026-03-10T13:53:35","date_gmt":"2026-03-10T10:53:35","guid":{"rendered":"https:\/\/olimpossergileri.com\/?post_type=product&#038;p=1175"},"modified":"2026-04-15T14:49:32","modified_gmt":"2026-04-15T11:49:32","slug":"yanlis-anlasildim-sanatcinin-eseri-ve-izleyiciyle-kavgasi-%e2%86%92-eser-kamusal-alanda-anlam-yorum-ve-dolasim","status":"publish","type":"product","link":"https:\/\/olimpossergileri.com\/en\/urun\/yanlis-anlasildim-sanatcinin-eseri-ve-izleyiciyle-kavgasi-%e2%86%92-eser-kamusal-alanda-anlam-yorum-ve-dolasim\/","title":{"rendered":"4. Yanl\u0131\u015f Anla\u015f\u0131ld\u0131m! \u2192 Eser Kamusal Alanda: Anlam, Yorum ve Dola\u015f\u0131m"},"content":{"rendered":"<p>19 Nisan Pazar<br \/>\n14:00-15:30<\/p>\n<p>Zoom<\/p>\n<p>Bu oturum, bir eserin kamusal alana \u00e7\u0131kt\u0131\u011f\u0131nda ge\u00e7irdi\u011fi d\u00f6n\u00fc\u015f\u00fcme odaklan\u0131r. Eserin dola\u015f\u0131ma<br \/>\ngirmesiyle birlikte ortaya \u00e7\u0131kan yeni ba\u011flamlar ve okuma bi\u00e7imleri birlikte tart\u0131\u015f\u0131l\u0131r. Anlam\u0131n nas\u0131l<br \/>\n\u00e7o\u011fald\u0131\u011f\u0131n\u0131, kayd\u0131\u011f\u0131n\u0131 ve yeniden \u00e7er\u00e7evelendi\u011fini ele al\u0131r. Yanl\u0131\u015f anla\u015f\u0131lmay\u0131, eserin toplumsal<br \/>\nkar\u015f\u0131la\u015fmalar\u0131n\u0131 g\u00f6r\u00fcn\u00fcr k\u0131lan bir e\u015fik olarak de\u011ferlendirir.<\/p>\n","protected":false},"excerpt":{"rendered":"<p>S\u00fcreyyya Evren<\/p>\n<p>19 Nisan Pazar<br \/>\n<br \/>\n14:00-15:30<\/p>\n","protected":false},"featured_media":1163,"template":"","meta":[],"product_brand":[],"product_cat":[39],"product_tag":[],"class_list":{"0":"post-1175","1":"product","2":"type-product","3":"status-publish","4":"has-post-thumbnail","6":"product_cat-olimpos-akademi","7":"entry","9":"first","10":"instock","11":"virtual","12":"purchasable","13":"product-type-simple"},"_links":{"self":[{"href":"https:\/\/olimpossergileri.com\/en\/wp-json\/wp\/v2\/product\/1175","targetHints":{"allow":["GET"]}}],"collection":[{"href":"https:\/\/olimpossergileri.com\/en\/wp-json\/wp\/v2\/product"}],"about":[{"href":"https:\/\/olimpossergileri.com\/en\/wp-json\/wp\/v2\/types\/product"}],"wp:featuredmedia":[{"embeddable":true,"href":"https:\/\/olimpossergileri.com\/en\/wp-json\/wp\/v2\/media\/1163"}],"wp:attachment":[{"href":"https:\/\/olimpossergileri.com\/en\/wp-json\/wp\/v2\/media?parent=1175"}],"wp:term":[{"taxonomy":"product_brand","embeddable":true,"href":"https:\/\/olimpossergileri.com\/en\/wp-json\/wp\/v2\/product_brand?post=1175"},{"taxonomy":"product_cat","embeddable":true,"href":"https:\/\/olimpossergileri.com\/en\/wp-json\/wp\/v2\/product_cat?post=1175"},{"taxonomy":"product_tag","embeddable":true,"href":"https:\/\/olimpossergileri.com\/en\/wp-json\/wp\/v2\/product_tag?post=1175"}],"curies":[{"name":"wp","href":"https:\/\/api.w.org\/{rel}","templated":true}]}}