{"id":1174,"date":"2026-03-10T13:55:51","date_gmt":"2026-03-10T10:55:51","guid":{"rendered":"https:\/\/olimpossergileri.com\/?post_type=product&#038;p=1174"},"modified":"2026-04-15T14:37:04","modified_gmt":"2026-04-15T11:37:04","slug":"en-basa-benim-adimi-yazacaksin-%e2%86%92-gorunurluk-politikalari-isimler-siralamalar-ve-kurumsal-yapilar","status":"publish","type":"product","link":"https:\/\/olimpossergileri.com\/en\/urun\/en-basa-benim-adimi-yazacaksin-%e2%86%92-gorunurluk-politikalari-isimler-siralamalar-ve-kurumsal-yapilar\/","title":{"rendered":"6. En Ba\u015fa Benim Ad\u0131m\u0131 Yazacaks\u0131n! \u2192 G\u00f6r\u00fcn\u00fcrl\u00fck Politikalar\u0131: \u0130simler, S\u0131ralamalar ve Kurumsal Yap\u0131lar"},"content":{"rendered":"<p>3 May\u0131s Pazar<br \/>\n14:00-15:30<br \/>\nZoom<\/p>\n<p>Bu oturum, sanat alan\u0131nda g\u00f6r\u00fcn\u00fcrl\u00fc\u011f\u00fcn kurumsal yap\u0131lar i\u00e7inde nas\u0131l \u00fcretildi\u011fine odaklan\u0131r.<br \/>\nSergi kurgular\u0131, metinler, ara\u015ft\u0131rma ba\u015fl\u0131klar\u0131 ve \u00f6ncelikler \u00fczerinden neyin \u00f6ne \u00e7\u0131kar\u0131ld\u0131\u011f\u0131<br \/>\nbirlikte tart\u0131\u015f\u0131l\u0131r. G\u00f6r\u00fcn\u00fcrl\u00fc\u011f\u00fc, bireysel bir hak edi\u015ften \u00e7ok yap\u0131sal kararlarla \u015fekillenen bir ili\u015fki<br \/>\nalan\u0131 olarak ele al\u0131r.<\/p>\n","protected":false},"excerpt":{"rendered":"<p>Amira Arz\u0131k<br \/>\n<br \/>\nCeren Erdem<\/p>\n<p>3 May\u0131s Pazar<br \/>\n<br \/>\n14:00-15:30<\/p>\n","protected":false},"featured_media":1163,"template":"","meta":[],"product_brand":[],"product_cat":[39],"product_tag":[],"class_list":{"0":"post-1174","1":"product","2":"type-product","3":"status-publish","4":"has-post-thumbnail","6":"product_cat-olimpos-akademi","7":"entry","9":"first","10":"instock","11":"virtual","12":"purchasable","13":"product-type-simple"},"_links":{"self":[{"href":"https:\/\/olimpossergileri.com\/en\/wp-json\/wp\/v2\/product\/1174","targetHints":{"allow":["GET"]}}],"collection":[{"href":"https:\/\/olimpossergileri.com\/en\/wp-json\/wp\/v2\/product"}],"about":[{"href":"https:\/\/olimpossergileri.com\/en\/wp-json\/wp\/v2\/types\/product"}],"wp:featuredmedia":[{"embeddable":true,"href":"https:\/\/olimpossergileri.com\/en\/wp-json\/wp\/v2\/media\/1163"}],"wp:attachment":[{"href":"https:\/\/olimpossergileri.com\/en\/wp-json\/wp\/v2\/media?parent=1174"}],"wp:term":[{"taxonomy":"product_brand","embeddable":true,"href":"https:\/\/olimpossergileri.com\/en\/wp-json\/wp\/v2\/product_brand?post=1174"},{"taxonomy":"product_cat","embeddable":true,"href":"https:\/\/olimpossergileri.com\/en\/wp-json\/wp\/v2\/product_cat?post=1174"},{"taxonomy":"product_tag","embeddable":true,"href":"https:\/\/olimpossergileri.com\/en\/wp-json\/wp\/v2\/product_tag?post=1174"}],"curies":[{"name":"wp","href":"https:\/\/api.w.org\/{rel}","templated":true}]}}