{"id":1173,"date":"2026-03-10T13:54:52","date_gmt":"2026-03-10T10:54:52","guid":{"rendered":"https:\/\/olimpossergileri.com\/?post_type=product&#038;p=1173"},"modified":"2026-04-15T14:35:53","modified_gmt":"2026-04-15T11:35:53","slug":"galerici-koleksiyoner-ve-sanatci-arasinda-%e2%86%92-sanat-alaninda-iliskiler-temsil-destek-ve-muzakere","status":"publish","type":"product","link":"https:\/\/olimpossergileri.com\/en\/urun\/galerici-koleksiyoner-ve-sanatci-arasinda-%e2%86%92-sanat-alaninda-iliskiler-temsil-destek-ve-muzakere\/","title":{"rendered":"5. Galerici, Sanat\u00e7\u0131 ve Koleksiyoner Aras\u0131nda \u2192 Sanat Alan\u0131nda \u0130li\u015fkiler: Temsil, Destek ve M\u00fczakere"},"content":{"rendered":"<p>26 Nisan Pazar<br \/>\n14:00-15:30<br \/>\nZoom<\/p>\n<p>Bu oturum, sanat d\u00fcnyas\u0131ndaki ili\u015fkileri tek boyutlu yarg\u0131lara indirgemeden ele al\u0131r. Galerici,<br \/>\nkoleksiyoner ve sanat\u00e7\u0131 aras\u0131ndaki ili\u015fki; destek, g\u00f6r\u00fcn\u00fcrl\u00fck, beklenti ve g\u00fc\u00e7 dengeleri \u00fczerinden<br \/>\ntart\u0131\u015f\u0131l\u0131r. Sanat\u00e7\u0131n\u0131n bu yap\u0131 i\u00e7inde kendi konumunu daha bilin\u00e7li bi\u00e7imde kurabilmesine<br \/>\nodaklan\u0131r.<\/p>\n","protected":false},"excerpt":{"rendered":"<p>Asl\u0131 S\u00fcmer<br \/>\n<br \/> <br \/>\nCANAN<br \/>\n<br \/> <br \/>\n\u00d6ner Kocabeyo\u011flu<\/p>\n<p>26 Nisan Pazar<br \/>\n<br \/>\n14:00-15:30<\/p>\n","protected":false},"featured_media":1163,"template":"","meta":[],"product_brand":[],"product_cat":[39],"product_tag":[],"class_list":{"0":"post-1173","1":"product","2":"type-product","3":"status-publish","4":"has-post-thumbnail","6":"product_cat-olimpos-akademi","7":"entry","9":"first","10":"instock","11":"virtual","12":"purchasable","13":"product-type-simple"},"_links":{"self":[{"href":"https:\/\/olimpossergileri.com\/en\/wp-json\/wp\/v2\/product\/1173","targetHints":{"allow":["GET"]}}],"collection":[{"href":"https:\/\/olimpossergileri.com\/en\/wp-json\/wp\/v2\/product"}],"about":[{"href":"https:\/\/olimpossergileri.com\/en\/wp-json\/wp\/v2\/types\/product"}],"wp:featuredmedia":[{"embeddable":true,"href":"https:\/\/olimpossergileri.com\/en\/wp-json\/wp\/v2\/media\/1163"}],"wp:attachment":[{"href":"https:\/\/olimpossergileri.com\/en\/wp-json\/wp\/v2\/media?parent=1173"}],"wp:term":[{"taxonomy":"product_brand","embeddable":true,"href":"https:\/\/olimpossergileri.com\/en\/wp-json\/wp\/v2\/product_brand?post=1173"},{"taxonomy":"product_cat","embeddable":true,"href":"https:\/\/olimpossergileri.com\/en\/wp-json\/wp\/v2\/product_cat?post=1173"},{"taxonomy":"product_tag","embeddable":true,"href":"https:\/\/olimpossergileri.com\/en\/wp-json\/wp\/v2\/product_tag?post=1173"}],"curies":[{"name":"wp","href":"https:\/\/api.w.org\/{rel}","templated":true}]}}