{"id":1172,"date":"2026-03-10T13:52:53","date_gmt":"2026-03-10T10:52:53","guid":{"rendered":"https:\/\/olimpossergileri.com\/?post_type=product&#038;p=1172"},"modified":"2026-04-15T14:49:24","modified_gmt":"2026-04-15T11:49:24","slug":"ilham-ve-disiplin-%e2%86%92-calisma-ritmi-kazanmak","status":"publish","type":"product","link":"https:\/\/olimpossergileri.com\/en\/urun\/ilham-ve-disiplin-%e2%86%92-calisma-ritmi-kazanmak\/","title":{"rendered":"3. \u0130lham ve Disiplin \u2192 \u00c7al\u0131\u015fma Ritmi Kazanmak"},"content":{"rendered":"<p>12 Nisan Pazar<br \/>\n14:00-15:30<br \/>\nZoom<\/p>\n<p>Bu oturum, sanat\u00e7\u0131n\u0131n \u00fcretimle kurdu\u011fu g\u00fcndelik ili\u015fkiye odaklan\u0131r. \u0130lham\u0131n gelmedi\u011fi anlar,<br \/>\nerteleme hali ve t\u0131kan\u0131kl\u0131k s\u00fcrecin do\u011fal par\u00e7alar\u0131 olarak ele al\u0131n\u0131r. Disiplin ile \u00f6zg\u00fcrl\u00fck<br \/>\naras\u0131ndaki ili\u015fkiyi, \u00fcretimi ta\u015f\u0131yan al\u0131\u015fkanl\u0131klar ve tekrarlar \u00fczerinden yeniden d\u00fc\u015f\u00fcnmeye a\u00e7ar.<\/p>\n","protected":false},"excerpt":{"rendered":"<p>\u0130nci Eviner<\/p>\n<p><s>12 Nisan Pazar<\/s><br \/>\n<br \/>\n<s>14:00-15:30<\/s><\/p>\n","protected":false},"featured_media":1163,"template":"","meta":[],"product_brand":[],"product_cat":[39],"product_tag":[],"class_list":{"0":"post-1172","1":"product","2":"type-product","3":"status-publish","4":"has-post-thumbnail","6":"product_cat-olimpos-akademi","7":"entry","9":"first","10":"instock","11":"virtual","12":"purchasable","13":"product-type-simple"},"_links":{"self":[{"href":"https:\/\/olimpossergileri.com\/en\/wp-json\/wp\/v2\/product\/1172","targetHints":{"allow":["GET"]}}],"collection":[{"href":"https:\/\/olimpossergileri.com\/en\/wp-json\/wp\/v2\/product"}],"about":[{"href":"https:\/\/olimpossergileri.com\/en\/wp-json\/wp\/v2\/types\/product"}],"wp:featuredmedia":[{"embeddable":true,"href":"https:\/\/olimpossergileri.com\/en\/wp-json\/wp\/v2\/media\/1163"}],"wp:attachment":[{"href":"https:\/\/olimpossergileri.com\/en\/wp-json\/wp\/v2\/media?parent=1172"}],"wp:term":[{"taxonomy":"product_brand","embeddable":true,"href":"https:\/\/olimpossergileri.com\/en\/wp-json\/wp\/v2\/product_brand?post=1172"},{"taxonomy":"product_cat","embeddable":true,"href":"https:\/\/olimpossergileri.com\/en\/wp-json\/wp\/v2\/product_cat?post=1172"},{"taxonomy":"product_tag","embeddable":true,"href":"https:\/\/olimpossergileri.com\/en\/wp-json\/wp\/v2\/product_tag?post=1172"}],"curies":[{"name":"wp","href":"https:\/\/api.w.org\/{rel}","templated":true}]}}