{"id":1171,"date":"2026-03-10T13:51:10","date_gmt":"2026-03-10T10:51:10","guid":{"rendered":"https:\/\/olimpossergileri.com\/?post_type=product&#038;p=1171"},"modified":"2026-04-15T14:49:15","modified_gmt":"2026-04-15T11:49:15","slug":"tutunanlar-ve-tutunamayanlar-%e2%86%92-uretimde-sureklilik-kopuslar-duraklar-ve-yeniden-baslama-anlari","status":"publish","type":"product","link":"https:\/\/olimpossergileri.com\/en\/urun\/tutunanlar-ve-tutunamayanlar-%e2%86%92-uretimde-sureklilik-kopuslar-duraklar-ve-yeniden-baslama-anlari\/","title":{"rendered":"2. Tutunanlar ve Tutunamayanlar \u2192 \u00dcretimde S\u00fcreklilik: Kopu\u015flar, Duraklar ve Yeniden Ba\u015flama Anlar\u0131"},"content":{"rendered":"<p>26 Mart Pazar<br \/>\n14:00-15:30<br \/>\nZoom<\/p>\n<p>Bu oturum, sanat\u00e7\u0131n\u0131n \u00fcretim s\u00fcrecinde g\u00f6r\u00fcnmez kalan zihinsel e\u015fiklere odaklan\u0131r. De\u011fersizlik<br \/>\nhissi, \u00f6zg\u00fcven k\u0131r\u0131lmalar\u0131 ve \u00fcretim t\u0131kan\u0131kl\u0131klar\u0131 yarat\u0131c\u0131 prati\u011fin tekrar eden par\u00e7alar\u0131 olarak ele<br \/>\nal\u0131n\u0131r. Ba\u015far\u0131s\u0131zl\u0131\u011f\u0131 d\u0131\u015flanacak bir durum de\u011fil, \u00fcretimi yeniden d\u00fc\u015f\u00fcnmeye a\u00e7an ele\u015ftirel bir<br \/>\nalan olarak de\u011ferlendirir.<\/p>\n","protected":false},"excerpt":{"rendered":"<p>G\u00f6zde \u0130lkin<\/p>\n<p><s>29 Mart Pazar<\/s><br \/>\n<br \/>\n<s>14:00-15:30<\/s><\/p>\n","protected":false},"featured_media":1163,"template":"","meta":[],"product_brand":[],"product_cat":[39],"product_tag":[],"class_list":{"0":"post-1171","1":"product","2":"type-product","3":"status-publish","4":"has-post-thumbnail","6":"product_cat-olimpos-akademi","7":"entry","9":"first","10":"instock","11":"virtual","12":"purchasable","13":"product-type-simple"},"_links":{"self":[{"href":"https:\/\/olimpossergileri.com\/en\/wp-json\/wp\/v2\/product\/1171","targetHints":{"allow":["GET"]}}],"collection":[{"href":"https:\/\/olimpossergileri.com\/en\/wp-json\/wp\/v2\/product"}],"about":[{"href":"https:\/\/olimpossergileri.com\/en\/wp-json\/wp\/v2\/types\/product"}],"wp:featuredmedia":[{"embeddable":true,"href":"https:\/\/olimpossergileri.com\/en\/wp-json\/wp\/v2\/media\/1163"}],"wp:attachment":[{"href":"https:\/\/olimpossergileri.com\/en\/wp-json\/wp\/v2\/media?parent=1171"}],"wp:term":[{"taxonomy":"product_brand","embeddable":true,"href":"https:\/\/olimpossergileri.com\/en\/wp-json\/wp\/v2\/product_brand?post=1171"},{"taxonomy":"product_cat","embeddable":true,"href":"https:\/\/olimpossergileri.com\/en\/wp-json\/wp\/v2\/product_cat?post=1171"},{"taxonomy":"product_tag","embeddable":true,"href":"https:\/\/olimpossergileri.com\/en\/wp-json\/wp\/v2\/product_tag?post=1171"}],"curies":[{"name":"wp","href":"https:\/\/api.w.org\/{rel}","templated":true}]}}