{"id":1155,"date":"2026-03-09T16:07:36","date_gmt":"2026-03-09T13:07:36","guid":{"rendered":"https:\/\/olimpossergileri.com\/?post_type=product&#038;p=1155"},"modified":"2026-03-17T16:52:06","modified_gmt":"2026-03-17T13:52:06","slug":"ders-1","status":"publish","type":"product","link":"https:\/\/olimpossergileri.com\/en\/urun\/ders-1\/","title":{"rendered":"1. Kapat\u0131lma Korkusu ve Lin\u00e7 K\u00fclt\u00fcr\u00fc \u2192 \u0130fade Alan\u0131: G\u00f6r\u00fcn\u00fcrl\u00fck, Risk ve Sorumluluk"},"content":{"rendered":"<p>15 Mart Pazar<br \/>\n14:00-15:30<br \/>\nZoom<\/p>\n<p>Bu oturum, \u00e7a\u011fda\u015f sanatta ifade \u00f6zg\u00fcrl\u00fc\u011f\u00fcn\u00fc dolayl\u0131 bask\u0131 alanlar\u0131 \u00fczerinden ele al\u0131r. Sans\u00fcr ve otosans\u00fcr aras\u0131ndaki gri alana odaklanarak, sanat\u00e7\u0131n\u0131n kendi ifadesini hangi noktalarda s\u0131n\u0131rlad\u0131\u011f\u0131n\u0131 tart\u0131\u015f\u0131r. Risk, sorumluluk ve ifade aras\u0131ndaki dengeyi birlikte d\u00fc\u015f\u00fcnmeye a\u00e7ar.<\/p>\n","protected":false},"excerpt":{"rendered":"<p>Hale Tenger<\/p>\n<p><s>15 Mart Pazar<\/s><br \/>\n<br \/>\n<s>14:00-15:30<\/s><\/p>\n","protected":false},"featured_media":1163,"template":"","meta":[],"product_brand":[],"product_cat":[39],"product_tag":[],"class_list":{"0":"post-1155","1":"product","2":"type-product","3":"status-publish","4":"has-post-thumbnail","6":"product_cat-olimpos-akademi","7":"entry","9":"first","10":"instock","11":"virtual","12":"purchasable","13":"product-type-simple"},"_links":{"self":[{"href":"https:\/\/olimpossergileri.com\/en\/wp-json\/wp\/v2\/product\/1155","targetHints":{"allow":["GET"]}}],"collection":[{"href":"https:\/\/olimpossergileri.com\/en\/wp-json\/wp\/v2\/product"}],"about":[{"href":"https:\/\/olimpossergileri.com\/en\/wp-json\/wp\/v2\/types\/product"}],"wp:featuredmedia":[{"embeddable":true,"href":"https:\/\/olimpossergileri.com\/en\/wp-json\/wp\/v2\/media\/1163"}],"wp:attachment":[{"href":"https:\/\/olimpossergileri.com\/en\/wp-json\/wp\/v2\/media?parent=1155"}],"wp:term":[{"taxonomy":"product_brand","embeddable":true,"href":"https:\/\/olimpossergileri.com\/en\/wp-json\/wp\/v2\/product_brand?post=1155"},{"taxonomy":"product_cat","embeddable":true,"href":"https:\/\/olimpossergileri.com\/en\/wp-json\/wp\/v2\/product_cat?post=1155"},{"taxonomy":"product_tag","embeddable":true,"href":"https:\/\/olimpossergileri.com\/en\/wp-json\/wp\/v2\/product_tag?post=1155"}],"curies":[{"name":"wp","href":"https:\/\/api.w.org\/{rel}","templated":true}]}}