{"id":1042,"date":"2024-01-30T13:18:16","date_gmt":"2024-01-30T10:18:16","guid":{"rendered":"https:\/\/olimpossergileri.com\/basket\/"},"modified":"2026-03-11T11:46:18","modified_gmt":"2026-03-11T08:46:18","slug":"basket","status":"publish","type":"page","link":"https:\/\/olimpossergileri.com\/en\/basket\/","title":{"rendered":"Basket"},"content":{"rendered":"\t\t<div data-elementor-type=\"wp-page\" data-elementor-id=\"1042\" class=\"elementor elementor-1042 elementor-99\" data-elementor-post-type=\"page\">\n\t\t\t\t<div class=\"elementor-element elementor-element-27e4e61c e-flex e-con-boxed e-con e-parent\" data-id=\"27e4e61c\" data-element_type=\"container\">\n\t\t\t\t\t<div class=\"e-con-inner\">\n\t\t<div class=\"elementor-element elementor-element-70061241 e-con-full e-flex e-con e-child\" data-id=\"70061241\" data-element_type=\"container\">\n\t\t\t\t<div class=\"elementor-element elementor-element-ecb9bcb elementor-widget elementor-widget-heading\" data-id=\"ecb9bcb\" data-element_type=\"widget\" data-widget_type=\"heading.default\">\n\t\t\t\t<div class=\"elementor-widget-container\">\n\t\t\t<h1 class=\"elementor-heading-title elementor-size-default\">basket<\/h1>\t\t<\/div>\n\t\t\t\t<\/div>\n\t\t\t\t<\/div>\n\t\t\t\t\t<\/div>\n\t\t\t\t<\/div>\n\t\t\t\t<\/div>\n\t\t","protected":false},"excerpt":{"rendered":"<p>basket \u00dcr\u00fcn\u00fc \u00e7\u0131kar K\u00fc\u00e7\u00fck resim \u00dcr\u00fcn Fiyat Miktar Ara Toplam &times; 1. Kapat\u0131lma Korkusu ve Lin\u00e7 K\u00fclt\u00fcr\u00fc \u2192 \u0130fade Alan\u0131: G\u00f6r\u00fcn\u00fcrl\u00fck, Risk ve Sorumluluk &#8378;750,00 1. Kapat\u0131lma Korkusu ve Lin\u00e7 K\u00fclt\u00fcr\u00fc \u2192 \u0130fade Alan\u0131: G\u00f6r\u00fcn\u00fcrl\u00fck, Risk ve Sorumluluk adet &#8378;750,00 &times; 3. \u0130lham ve Disiplin \u2192 \u00c7al\u0131\u015fma Ritmi Kazanmak &#8378;750,00 3. \u0130lham ve Disiplin \u2192&hellip; <a class=\"more-link\" href=\"https:\/\/olimpossergileri.com\/en\/basket\/\">Continue reading <span class=\"screen-reader-text\">Basket<\/span><\/a><\/p>\n","protected":false},"author":1,"featured_media":839,"parent":0,"menu_order":0,"comment_status":"closed","ping_status":"closed","template":"elementor_header_footer","meta":{"footnotes":""},"class_list":["post-1042","page","type-page","status-publish","has-post-thumbnail","hentry","entry"],"_links":{"self":[{"href":"https:\/\/olimpossergileri.com\/en\/wp-json\/wp\/v2\/pages\/1042","targetHints":{"allow":["GET"]}}],"collection":[{"href":"https:\/\/olimpossergileri.com\/en\/wp-json\/wp\/v2\/pages"}],"about":[{"href":"https:\/\/olimpossergileri.com\/en\/wp-json\/wp\/v2\/types\/page"}],"author":[{"embeddable":true,"href":"https:\/\/olimpossergileri.com\/en\/wp-json\/wp\/v2\/users\/1"}],"replies":[{"embeddable":true,"href":"https:\/\/olimpossergileri.com\/en\/wp-json\/wp\/v2\/comments?post=1042"}],"version-history":[{"count":5,"href":"https:\/\/olimpossergileri.com\/en\/wp-json\/wp\/v2\/pages\/1042\/revisions"}],"predecessor-version":[{"id":1318,"href":"https:\/\/olimpossergileri.com\/en\/wp-json\/wp\/v2\/pages\/1042\/revisions\/1318"}],"wp:featuredmedia":[{"embeddable":true,"href":"https:\/\/olimpossergileri.com\/en\/wp-json\/wp\/v2\/media\/839"}],"wp:attachment":[{"href":"https:\/\/olimpossergileri.com\/en\/wp-json\/wp\/v2\/media?parent=1042"}],"curies":[{"name":"wp","href":"https:\/\/api.w.org\/{rel}","templated":true}]}}