{"id":1020,"date":"2024-01-31T17:44:11","date_gmt":"2024-01-31T14:44:11","guid":{"rendered":"https:\/\/olimpossergileri.com\/interiors\/"},"modified":"2024-08-19T14:57:56","modified_gmt":"2024-08-19T11:57:56","slug":"interiors","status":"publish","type":"page","link":"https:\/\/olimpossergileri.com\/en\/interiors\/","title":{"rendered":"Interior"},"content":{"rendered":"\t\t<div data-elementor-type=\"wp-page\" data-elementor-id=\"1020\" class=\"elementor elementor-1020 elementor-497\" data-elementor-post-type=\"page\">\n\t\t\t\t<div class=\"elementor-element elementor-element-2f5e728f e-flex e-con-boxed e-con e-parent\" data-id=\"2f5e728f\" data-element_type=\"container\" data-settings=\"{&quot;background_background&quot;:&quot;classic&quot;}\">\n\t\t\t\t\t<div class=\"e-con-inner\">\n\t\t<div class=\"elementor-element elementor-element-436ba786 e-con-full e-flex e-con e-child\" data-id=\"436ba786\" data-element_type=\"container\">\n\t\t\t\t<div class=\"elementor-element elementor-element-56a42880 elementor-widget elementor-widget-heading\" data-id=\"56a42880\" data-element_type=\"widget\" data-widget_type=\"heading.default\">\n\t\t\t\t<div class=\"elementor-widget-container\">\n\t\t\t<h1 class=\"elementor-heading-title elementor-size-default\">Interior<\/h1>\t\t<\/div>\n\t\t\t\t<\/div>\n\t\t\t\t<div class=\"elementor-element elementor-element-77bdadd elementor-widget elementor-widget-heading\" data-id=\"77bdadd\" data-element_type=\"widget\" data-widget_type=\"heading.default\">\n\t\t\t\t<div class=\"elementor-widget-container\">\n\t\t\t<h1 class=\"elementor-heading-title elementor-size-default\">OLYMPOS EXHIBITIONS 3:<\/h1>\t\t<\/div>\n\t\t\t\t<\/div>\n\t\t\t\t<div class=\"elementor-element elementor-element-3fa8bd41 elementor-widget elementor-widget-text-editor\" data-id=\"3fa8bd41\" data-element_type=\"widget\" data-widget_type=\"text-editor.default\">\n\t\t\t\t<div class=\"elementor-widget-container\">\n\t\t\t\t\t\t\t<p><strong>January 8-21, 2024<\/strong><\/p>\n<p>Ali Pasha De\u011firmeni Sokak, No:16, Beyoglu, Istanbul<\/p>\n\t\t\t\t\t\t<\/div>\n\t\t\t\t<\/div>\n\t\t\t\t<\/div>\n\t\t<div class=\"elementor-element elementor-element-4f8160aa e-con-full e-flex e-con e-child\" data-id=\"4f8160aa\" data-element_type=\"container\">\n\t\t\t\t<div class=\"elementor-element elementor-element-17105eab elementor-widget elementor-widget-image\" data-id=\"17105eab\" data-element_type=\"widget\" data-widget_type=\"image.default\">\n\t\t\t\t<div class=\"elementor-widget-container\">\n\t\t\t\t\t\t\t\t\t\t\t\t\t<img fetchpriority=\"high\" decoding=\"async\" width=\"1920\" height=\"1080\" src=\"https:\/\/olimpossergileri.com\/wp-content\/uploads\/2024\/01\/afis0003.jpeg\" class=\"attachment-full size-full wp-image-499\" alt=\"\" srcset=\"https:\/\/olimpossergileri.com\/wp-content\/uploads\/2024\/01\/afis0003.jpeg 1920w, https:\/\/olimpossergileri.com\/wp-content\/uploads\/2024\/01\/afis0003-300x169.jpeg 300w, https:\/\/olimpossergileri.com\/wp-content\/uploads\/2024\/01\/afis0003-1024x576.jpeg 1024w, https:\/\/olimpossergileri.com\/wp-content\/uploads\/2024\/01\/afis0003-768x432.jpeg 768w, https:\/\/olimpossergileri.com\/wp-content\/uploads\/2024\/01\/afis0003-1536x864.jpeg 1536w, https:\/\/olimpossergileri.com\/wp-content\/uploads\/2024\/01\/afis0003-1568x882.jpeg 1568w, https:\/\/olimpossergileri.com\/wp-content\/uploads\/2024\/01\/afis0003-600x338.jpeg 600w\" sizes=\"(max-width: 1920px) 100vw, 1920px\" style=\"width:100%;height:56.25%;max-width:1920px\" \/>\t\t\t\t\t\t\t\t\t\t\t\t\t<\/div>\n\t\t\t\t<\/div>\n\t\t\t\t<\/div>\n\t\t\t\t<div class=\"elementor-element elementor-element-36b15d6 elementor-widget elementor-widget-ucaddon_underline_link_hover_effect\" data-id=\"36b15d6\" data-element_type=\"widget\" data-widget_type=\"ucaddon_underline_link_hover_effect.default\">\n\t\t\t\t<div class=\"elementor-widget-container\">\n\t\t\t<!-- start Underline Link Hover Effect -->\n\t\t<link id='font-awesome-css' href='https:\/\/olimpossergileri.com\/wp-content\/plugins\/unlimited-elements-for-elementor-premium\/assets_libraries\/font-awesome5\/css\/fontawesome-all.min.css' type='text\/css' rel='stylesheet' >\n\t\t<link id='font-awesome-4-shim-css' href='https:\/\/olimpossergileri.com\/wp-content\/plugins\/unlimited-elements-for-elementor-premium\/assets_libraries\/font-awesome5\/css\/fontawesome-v4-shims.css' type='text\/css' rel='stylesheet' >\n\n\t\t\t<style type=\"text\/css\">\/* widget: Underline Link Hover Effect *\/\n\n#uc_underline_link_hover_effect_elementor_36b15d6\n{\n  display:flex;\n} \n\n#uc_underline_link_hover_effect_elementor_36b15d6 a.ue-link\n{\n  display:flex;\n  position:relative;\n  align-items:center;\n  justify-content:center;\n  text-decoration:none;\n}\n\n#uc_underline_link_hover_effect_elementor_36b15d6 a.ue-link:after\n{\n  content: \"\";\n  width:100%;\n  position:absolute;\n  bottom:0px;\n  left:0px;\n  display: block;\n  transition:1s;\n}\n\n#uc_underline_link_hover_effect_elementor_36b15d6 a:hover:after\n{\n  width:0%;\n}\n\n#uc_underline_link_hover_effect_elementor_36b15d6 .ue-link-hover-effect-spacing\n{\n  width:15px;\n  transition:1s;\n}\n\n#uc_underline_link_hover_effect_elementor_36b15d6 a:hover .ue-link-hover-effect-spacing\n{\n  width:30px;\n}\n\n#uc_underline_link_hover_effect_elementor_36b15d6 .ue-link-hover-effect-text\n{\n  padding:10px 0px;\n}\n\n#uc_underline_link_hover_effect_elementor_36b15d6 .ue-link-hover-effect-icon\n{\n  line-height:1em;\n}\n\n#uc_underline_link_hover_effect_elementor_36b15d6 .ue-link-hover-effect-icon svg\n{\n  height:1em;\n  width:1em;\n}\n\n<\/style>\n\n\t\t\t<div id=\"uc_underline_link_hover_effect_elementor_36b15d6\" class=\"ue-link-wrap\">\n<a class=\"ue-link\" href=\"https:\/\/olimpossergileri.com\/wp-content\/uploads\/2024\/01\/basin-bulteni-o3.pdf\" >\n  <div class=\"ue-link-hover-effect-text\">Click here to download the press release<\/div>\n  <div class=\"ue-link-hover-effect-spacing\"><\/div>\n  <div class=\"ue-link-hover-effect-icon\"><i class='fas fa-arrow-right'><\/i><\/div>\n<\/a>\n<\/div>\n\t\t\t<!-- end Underline Link Hover Effect -->\t\t<\/div>\n\t\t\t\t<\/div>\n\t\t\t\t<div class=\"elementor-element elementor-element-c39e2f1 elementor-widget elementor-widget-text-editor\" data-id=\"c39e2f1\" data-element_type=\"widget\" data-widget_type=\"text-editor.default\">\n\t\t\t\t<div class=\"elementor-widget-container\">\n\t\t\t\t\t\t\t<p>Olympos Exhibitions 3: Artists Participating in the Interiors Exhibition:<\/p>\n<\/p>\n<p>MERT ACAR, ENES ALBA, PELDA AYTA\u015e, S\u0130NAN \u00c7INAR, SERDAR E\u011eER, KAAN FI\u00c7ICI, V\u0130LDAN HO\u015eBAK, CAN \u0130NCEKARA, STUD\u0130O P\u0130NPR\u0130CK, S\u0130NAN TUNCAY<\/p>\n\t\t\t\t\t\t<\/div>\n\t\t\t\t<\/div>\n\t\t\t\t<div class=\"elementor-element elementor-element-b10f780 elementor-widget elementor-widget-text-editor\" data-id=\"b10f780\" data-element_type=\"widget\" data-widget_type=\"text-editor.default\">\n\t\t\t\t<div class=\"elementor-widget-container\">\n\t\t\t\t\t\t\t<p><strong>CURATOR:<\/strong> Taner Ceylan<br \/><strong>EXHIBITION DESIGN<\/strong>: Gravity Design and Consultancy<br \/><strong>COORDINATOR<\/strong>: Melis Bekta\u015f<\/p>\n<p><strong>EXHIBITION PRODUCER:<\/strong> Ahmet Kayalarl\u0131<br \/>BOOK<strong>DESIGN<\/strong>: Vahit Tuna<br \/><strong>EDITOR<\/strong>: S\u00fcreyyya Evren<br \/><strong>AUTHORS:<\/strong> Sel\u00e7uk Artut, Can Aytekin, Selim Birsel, Gurur Birsin, Handan B\u00f6r\u00fcte\u00e7ene, Hera B\u00fcy\u00fckta\u015f\u00e7\u0131yan, Burak Delier, Eda Gecikmez, Sinan Logie, Se\u00e7kin Pirim, Ay\u015fenur \u015eent\u00fcrk, \u00d6zlem Y\u0131lmaz<br \/>PRODUCTION <strong>PHOTOS<\/strong>: Engin Ger\u00e7ek \/ Studio Majo<br \/><strong>PRINTING:<\/strong> Offset Printing House<\/p>\n\t\t\t\t\t\t<\/div>\n\t\t\t\t<\/div>\n\t\t\t\t\t<\/div>\n\t\t\t\t<\/div>\n\t\t<div class=\"elementor-element elementor-element-167ffa4 e-flex e-con-boxed e-con e-parent\" data-id=\"167ffa4\" data-element_type=\"container\">\n\t\t\t\t\t<div class=\"e-con-inner\">\n\t\t\t\t<div class=\"elementor-element elementor-element-75dd589 elementor-widget elementor-widget-text-editor\" data-id=\"75dd589\" data-element_type=\"widget\" data-widget_type=\"text-editor.default\">\n\t\t\t\t<div class=\"elementor-widget-container\">\n\t\t\t\t\t\t\t<p><strong>SUPPORTERS:<\/strong><\/p>\n<p>Emine G\u00fcl\u00e7elik, Ebru \u00d6zdemir, on behalf of Ali Raif Din\u00e7k\u00f6k Collection: Raif Ali Din\u00e7k\u00f6k, Alize Din\u00e7k\u00f6k, Alina Din\u00e7k\u00f6k, Hakan and Banu \u00c7arm\u0131kl\u0131, Nezih Barut, \u00d6ner Kocabeyo\u011flu and Zeynep Bora.<\/p>\n\t\t\t\t\t\t<\/div>\n\t\t\t\t<\/div>\n\t\t\t\t\t<\/div>\n\t\t\t\t<\/div>\n\t\t\t\t<\/div>\n\t\t","protected":false},"excerpt":{"rendered":"<p>Interior OLYMPOS EXHIBITIONS 3: January 8-21, 2024 Ali Pasha De\u011firmeni Sokak, No:16, Beyoglu, Istanbul Click here to download the press release Olympos Exhibitions 3: Artists Participating in the Interiors Exhibition: MERT ACAR, ENES ALBA, PELDA AYTA\u015e, S\u0130NAN \u00c7INAR, SERDAR E\u011eER, KAAN FI\u00c7ICI, V\u0130LDAN HO\u015eBAK, CAN \u0130NCEKARA, STUD\u0130O P\u0130NPR\u0130CK, S\u0130NAN TUNCAY CURATOR: Taner CeylanEXHIBITION DESIGN: Gravity&hellip; <a class=\"more-link\" href=\"https:\/\/olimpossergileri.com\/en\/interiors\/\">Continue reading <span class=\"screen-reader-text\">Interior<\/span><\/a><\/p>\n","protected":false},"author":1,"featured_media":837,"parent":0,"menu_order":0,"comment_status":"closed","ping_status":"closed","template":"elementor_header_footer","meta":{"footnotes":""},"class_list":["post-1020","page","type-page","status-publish","has-post-thumbnail","hentry","entry"],"_links":{"self":[{"href":"https:\/\/olimpossergileri.com\/en\/wp-json\/wp\/v2\/pages\/1020","targetHints":{"allow":["GET"]}}],"collection":[{"href":"https:\/\/olimpossergileri.com\/en\/wp-json\/wp\/v2\/pages"}],"about":[{"href":"https:\/\/olimpossergileri.com\/en\/wp-json\/wp\/v2\/types\/page"}],"author":[{"embeddable":true,"href":"https:\/\/olimpossergileri.com\/en\/wp-json\/wp\/v2\/users\/1"}],"replies":[{"embeddable":true,"href":"https:\/\/olimpossergileri.com\/en\/wp-json\/wp\/v2\/comments?post=1020"}],"version-history":[{"count":11,"href":"https:\/\/olimpossergileri.com\/en\/wp-json\/wp\/v2\/pages\/1020\/revisions"}],"predecessor-version":[{"id":1113,"href":"https:\/\/olimpossergileri.com\/en\/wp-json\/wp\/v2\/pages\/1020\/revisions\/1113"}],"wp:featuredmedia":[{"embeddable":true,"href":"https:\/\/olimpossergileri.com\/en\/wp-json\/wp\/v2\/media\/837"}],"wp:attachment":[{"href":"https:\/\/olimpossergileri.com\/en\/wp-json\/wp\/v2\/media?parent=1020"}],"curies":[{"name":"wp","href":"https:\/\/api.w.org\/{rel}","templated":true}]}}